{"id":26,"date":"2025-09-25T09:08:48","date_gmt":"2025-09-25T09:08:48","guid":{"rendered":"https:\/\/energycloud.org\/germany\/?page_id=26"},"modified":"2025-11-27T13:17:19","modified_gmt":"2025-11-27T13:17:19","slug":"about-us","status":"publish","type":"page","link":"https:\/\/energycloud.org\/germany\/about-us\/","title":{"rendered":"About Us"},"content":{"rendered":"\n<figure class=\"wp-block-video\"><video height=\"1080\" style=\"aspect-ratio: 1920 \/ 1080;\" width=\"1920\" autoplay controls muted src=\"https:\/\/energycloud.org\/germany\/wp-content\/uploads\/sites\/12\/2025\/11\/EnergyCloud-Germany-Launches-.mov\"><\/video><\/figure>\n\n\n\n\n\t<section class=\"page-section multi-content__block animate-entry animate-entry__fade-up\">\n\t\t<div class=\"container\">\n\n\t\t\t<div class=\"content\">\n\n\t\t\t\t\n\t\t\t\t\t<div class=\"content__header full-column\">\n\n\t\t\t\t\t\t\t\t\t\t\t\t\t<div>\n\t\t\t\t\t\t\t\t<h2>\n\t\t\t\t\t\t\t\t\tOur Mission\t\t\t\t\t\t\t\t<\/h2>\n\t\t\t\t\t\t\t<\/div>\n\t\t\t\t\t\t\n\t\t\t\t\t\t\n\t\t\t\t\t\t\t<div>\n\t\t\t\t\t\t\t\t<img class=\"content__mini-image\"\n\t\t\t\t\t\t\t\t\tsrc=\"https:\/\/energycloud.org\/germany\/wp-content\/uploads\/sites\/12\/2025\/09\/about-us.avif\"\n\t\t\t\t\t\t\t\t\talt=\"about-us\" \/>\n\t\t\t\t\t\t\t<\/div>\n\n\t\t\t\t\t\t\n\t\t\t\t\t<\/div>\n\n\t\t\t\t\n\t\t\t\t<div class=\"content__body full-column\">\n\t\t\t\t\t<h3>The mission of EnergyCloud is to use surplus renewable energy to help tackle energy poverty. In Germany in 2024, approximately <strong>9,400 GWh<\/strong> of renewable energy were curtailed. The estimated retail value of this unused energy was <strong>\u20ac3.76 billion<\/strong>.<\/h3>\n<h3><em>Die Mission von EnergyCloud ist es, \u00fcbersch\u00fcssige erneuerbare Energie zu nutzen, um Energiearmut zu bek\u00e4mpfen. Im Jahr 2024 wurden in Deutschland rund <strong>9.400 GWh<\/strong> an erneuerbarer Energie abgeregelt. Der gesch\u00e4tzte Wert dieser nicht genutzten erneuerbaren Energie betrug <strong>3,76 Milliarden Euro<\/strong>.<\/em><\/h3>\n\t\t\t\t<\/div>\n\n\t\t\t\t<div class=\"content__footer\">\n\n\t\t\t\t\t\n\t\t\t\t<\/div>\n\n\t\t\t<\/div>\n\n\t\t<\/div>\n\t<\/section>\n\n\n\n\n\n\t<section class=\"page-section image-content__block animate-entry animate-entry__fade-up\">\n\t\t<div class=\"container only-image top-rounded large-padding\" style=\"background-image: url(https:\/\/energycloud.org\/germany\/wp-content\/uploads\/sites\/12\/2025\/09\/03.avif);\">\n\n\t\t\t\n\t\t\t\n\t\t<\/div>\n\t<\/section>\n\n","protected":false},"excerpt":{"rendered":"","protected":false},"author":1,"featured_media":0,"parent":0,"menu_order":0,"comment_status":"closed","ping_status":"closed","template":"","meta":{"_acf_changed":false,"footnotes":""},"class_list":["post-26","page","type-page","status-publish","hentry"],"acf":[],"yoast_head":"<!-- This site is optimized with the Yoast SEO plugin v26.5 - https:\/\/yoast.com\/wordpress\/plugins\/seo\/ -->\n<title>About Us - EnergyCloud - Germany<\/title>\n<meta name=\"description\" content=\"We believe that there is an opportunity to share the solutions we develop with an international community to engage global action.\" \/>\n<meta name=\"robots\" content=\"index, follow, max-snippet:-1, max-image-preview:large, max-video-preview:-1\" \/>\n<link rel=\"canonical\" href=\"https:\/\/energycloud.org\/germany\/about-us\/\" \/>\n<meta property=\"og:locale\" content=\"en_US\" \/>\n<meta property=\"og:type\" content=\"article\" \/>\n<meta property=\"og:title\" content=\"About Us - EnergyCloud - Germany\" \/>\n<meta property=\"og:description\" content=\"We believe that there is an opportunity to share the solutions we develop with an international community to engage global action.\" \/>\n<meta property=\"og:url\" content=\"https:\/\/energycloud.org\/germany\/about-us\/\" \/>\n<meta property=\"og:site_name\" content=\"Germany\" \/>\n<meta property=\"article:modified_time\" content=\"2025-11-27T13:17:19+00:00\" \/>\n<meta name=\"twitter:card\" content=\"summary_large_image\" \/>\n<script type=\"application\/ld+json\" class=\"yoast-schema-graph\">{\"@context\":\"https:\/\/schema.org\",\"@graph\":[{\"@type\":\"WebPage\",\"@id\":\"https:\/\/energycloud.org\/germany\/about-us\/\",\"url\":\"https:\/\/energycloud.org\/germany\/about-us\/\",\"name\":\"About Us - EnergyCloud - Germany\",\"isPartOf\":{\"@id\":\"https:\/\/energycloud.org\/germany\/#website\"},\"datePublished\":\"2025-09-25T09:08:48+00:00\",\"dateModified\":\"2025-11-27T13:17:19+00:00\",\"description\":\"We believe that there is an opportunity to share the solutions we develop with an international community to engage global action.\",\"breadcrumb\":{\"@id\":\"https:\/\/energycloud.org\/germany\/about-us\/#breadcrumb\"},\"inLanguage\":\"en-US\",\"potentialAction\":[{\"@type\":\"ReadAction\",\"target\":[\"https:\/\/energycloud.org\/germany\/about-us\/\"]}]},{\"@type\":\"BreadcrumbList\",\"@id\":\"https:\/\/energycloud.org\/germany\/about-us\/#breadcrumb\",\"itemListElement\":[{\"@type\":\"ListItem\",\"position\":1,\"name\":\"Home\",\"item\":\"https:\/\/energycloud.org\/germany\/\"},{\"@type\":\"ListItem\",\"position\":2,\"name\":\"About Us\"}]},{\"@type\":\"WebSite\",\"@id\":\"https:\/\/energycloud.org\/germany\/#website\",\"url\":\"https:\/\/energycloud.org\/germany\/\",\"name\":\"EnergyCloud - Germany\",\"description\":\"\",\"potentialAction\":[{\"@type\":\"SearchAction\",\"target\":{\"@type\":\"EntryPoint\",\"urlTemplate\":\"https:\/\/energycloud.org\/germany\/?s={search_term_string}\"},\"query-input\":{\"@type\":\"PropertyValueSpecification\",\"valueRequired\":true,\"valueName\":\"search_term_string\"}}],\"inLanguage\":\"en-US\"}]}<\/script>\n<!-- \/ Yoast SEO plugin. -->","yoast_head_json":{"title":"About Us - EnergyCloud - Germany","description":"We believe that there is an opportunity to share the solutions we develop with an international community to engage global action.","robots":{"index":"index","follow":"follow","max-snippet":"max-snippet:-1","max-image-preview":"max-image-preview:large","max-video-preview":"max-video-preview:-1"},"canonical":"https:\/\/energycloud.org\/germany\/about-us\/","og_locale":"en_US","og_type":"article","og_title":"About Us - EnergyCloud - Germany","og_description":"We believe that there is an opportunity to share the solutions we develop with an international community to engage global action.","og_url":"https:\/\/energycloud.org\/germany\/about-us\/","og_site_name":"Germany","article_modified_time":"2025-11-27T13:17:19+00:00","twitter_card":"summary_large_image","schema":{"@context":"https:\/\/schema.org","@graph":[{"@type":"WebPage","@id":"https:\/\/energycloud.org\/germany\/about-us\/","url":"https:\/\/energycloud.org\/germany\/about-us\/","name":"About Us - EnergyCloud - Germany","isPartOf":{"@id":"https:\/\/energycloud.org\/germany\/#website"},"datePublished":"2025-09-25T09:08:48+00:00","dateModified":"2025-11-27T13:17:19+00:00","description":"We believe that there is an opportunity to share the solutions we develop with an international community to engage global action.","breadcrumb":{"@id":"https:\/\/energycloud.org\/germany\/about-us\/#breadcrumb"},"inLanguage":"en-US","potentialAction":[{"@type":"ReadAction","target":["https:\/\/energycloud.org\/germany\/about-us\/"]}]},{"@type":"BreadcrumbList","@id":"https:\/\/energycloud.org\/germany\/about-us\/#breadcrumb","itemListElement":[{"@type":"ListItem","position":1,"name":"Home","item":"https:\/\/energycloud.org\/germany\/"},{"@type":"ListItem","position":2,"name":"About Us"}]},{"@type":"WebSite","@id":"https:\/\/energycloud.org\/germany\/#website","url":"https:\/\/energycloud.org\/germany\/","name":"EnergyCloud - Germany","description":"","potentialAction":[{"@type":"SearchAction","target":{"@type":"EntryPoint","urlTemplate":"https:\/\/energycloud.org\/germany\/?s={search_term_string}"},"query-input":{"@type":"PropertyValueSpecification","valueRequired":true,"valueName":"search_term_string"}}],"inLanguage":"en-US"}]}},"_links":{"self":[{"href":"https:\/\/energycloud.org\/germany\/wp-json\/wp\/v2\/pages\/26","targetHints":{"allow":["GET"]}}],"collection":[{"href":"https:\/\/energycloud.org\/germany\/wp-json\/wp\/v2\/pages"}],"about":[{"href":"https:\/\/energycloud.org\/germany\/wp-json\/wp\/v2\/types\/page"}],"author":[{"embeddable":true,"href":"https:\/\/energycloud.org\/germany\/wp-json\/wp\/v2\/users\/1"}],"replies":[{"embeddable":true,"href":"https:\/\/energycloud.org\/germany\/wp-json\/wp\/v2\/comments?post=26"}],"version-history":[{"count":90,"href":"https:\/\/energycloud.org\/germany\/wp-json\/wp\/v2\/pages\/26\/revisions"}],"predecessor-version":[{"id":685,"href":"https:\/\/energycloud.org\/germany\/wp-json\/wp\/v2\/pages\/26\/revisions\/685"}],"wp:attachment":[{"href":"https:\/\/energycloud.org\/germany\/wp-json\/wp\/v2\/media?parent=26"}],"curies":[{"name":"wp","href":"https:\/\/api.w.org\/{rel}","templated":true}]}}